{"id":49,"date":"2020-12-02T19:27:46","date_gmt":"2020-12-02T19:27:46","guid":{"rendered":"http:\/\/xn--fhle-dein-pferd-zvb.de\/?page_id=49"},"modified":"2021-04-12T19:22:27","modified_gmt":"2021-04-12T19:22:27","slug":"meine-philosophie","status":"publish","type":"page","link":"https:\/\/xn--fhle-dein-pferd-zvb.de\/?page_id=49","title":{"rendered":"Meine Philosophie"},"content":{"rendered":"\n<p>Meine Philosophie ist Frieden!<\/p>\n\n\n\n<p>Frieden f\u00fcr den Planeten und den darauf lebenden Wesen.  <\/p>\n\n\n\n<p>Zu meinem Charakter geh\u00f6rt es, alles zu hinterfragen. Im Laufe meines Lebens informierte ich mich \u00fcber viele Techniken und Methoden. Ich lernte Unterschiedliche kennen und mir wurde klar, dass es grunds\u00e4tzlich immer darum ging und auch geht, den eigenen Willen durchzusetzen.  In den meisten F\u00e4llen geht es nicht ohne Druck und Konsequenzen. Mir wurde klar, was es bedeutete, ein funktionierendes Pferd zu haben. Und welchen Preis ich daf\u00fcr zu bezahlen hatte &#8211; vor allem aber das Pferd. Es funktioniert, weil es Angst vor Druck und Konsequenzen hat. Schon als Kind sahen sie wie modern gehaltene Sklaven f\u00fcr mich aus &#8211; zur Verf\u00fcgung stehend, wann immer dem Menschen der Sinn danach steht. Alles in mir wehrte sich dagegen. Ich verstand, dass ich es anders machen wollte und lie\u00df zu, was schon immer in mir schlummerte &#8211; der Wunsch nach einem friedlichen Umgang mit ihnen.<\/p>\n\n\n\n<pre class=\"wp-block-verse\">Als ich die Ver\u00e4nderung zulie\u00df, \u00e4nderte sich pl\u00f6tzlich alles. Meine Einstellung, meine Gedanken und der komplette Umgang mit dem Pferd. <strong><em>Ich fing an zu f\u00fchlen<\/em><\/strong>. Es war schon immer in mir, wurde aber von den Techniken und Methoden bedeckt. <strong><em>Ich schloss die Augen und sah.<\/em><\/strong><\/pre>\n\n\n\n<figure class=\"wp-block-gallery columns-1 is-cropped wp-block-gallery-1 is-layout-flex wp-block-gallery-is-layout-flex\"><ul class=\"blocks-gallery-grid\"><li class=\"blocks-gallery-item\"><figure><img loading=\"lazy\" decoding=\"async\" width=\"468\" height=\"600\" src=\"http:\/\/xn--fhle-dein-pferd-zvb.de\/wp-content\/uploads\/2020\/12\/IMG_6804kleiner.jpg\" alt=\"\" data-id=\"86\" data-full-url=\"http:\/\/xn--fhle-dein-pferd-zvb.de\/wp-content\/uploads\/2020\/12\/IMG_6804kleiner.jpg\" data-link=\"http:\/\/xn--fhle-dein-pferd-zvb.de\/?attachment_id=86\" class=\"wp-image-86\" srcset=\"https:\/\/xn--fhle-dein-pferd-zvb.de\/wp-content\/uploads\/2020\/12\/IMG_6804kleiner.jpg 468w, https:\/\/xn--fhle-dein-pferd-zvb.de\/wp-content\/uploads\/2020\/12\/IMG_6804kleiner-234x300.jpg 234w\" sizes=\"auto, (max-width: 468px) 100vw, 468px\" \/><figcaption class=\"blocks-gallery-item__caption\"><strong><span class=\"has-inline-color has-pale-cyan-blue-color\">&#8222;Ich schloss die Augen und sah&#8220; &#8211; Vanessa Ga\u00dfmann<\/span><\/strong><\/figcaption><\/figure><\/li><\/ul><\/figure>\n\n\n\n<p><\/p>\n\n\n\n<p><\/p>\n\n\n\n<p class=\"has-text-align-center\">Meine Grundpfeiler im Umgang, Coaching und Unterricht sind:<\/p>\n\n\n\n<p class=\"has-text-align-center has-vivid-green-cyan-color has-text-color\"><span class=\"has-inline-color has-pale-cyan-blue-color\">Freiwilligkeit<\/span><\/p>\n\n\n\n<p class=\"has-text-align-center has-vivid-green-cyan-color has-text-color\"><span class=\"has-inline-color has-pale-cyan-blue-color\">Respekt<\/span> <\/p>\n\n\n\n<p class=\"has-text-align-center has-vivid-green-cyan-color has-text-color\"><span class=\"has-inline-color has-pale-cyan-blue-color\">Vertrauen<\/span><\/p>\n\n\n\n<p class=\"has-text-align-center has-vivid-green-cyan-color has-text-color\"><span class=\"has-inline-color has-pale-cyan-blue-color\">Liebe<\/span><\/p>\n\n\n\n<p class=\"has-text-align-center has-vivid-green-cyan-color has-text-color\"><span class=\"has-inline-color has-pale-cyan-blue-color\">Empathie<\/span><\/p>\n\n\n\n<p class=\"has-text-align-center has-vivid-green-cyan-color has-text-color\"><span class=\"has-inline-color has-pale-cyan-blue-color\">Achtsamkeit<\/span><\/p>\n\n\n\n<p><\/p>\n\n\n\n<p>Es ist m\u00f6glich dem Pferd ein Mitspracherecht zu gestatten, ohne dass ich die Kontrolle verliere. Denn Kontrolle ist nicht n\u00f6tig, wenn das Miteinander aus genau diesen Punkten besteht. Und es geht noch weiter &#8211; wenn das Miteinander auf diesen Grundpfeilern gebaut ist, ist kein Training im Verhalten mehr n\u00f6tig &#8211; kein desensibilisieren, keine Techniken und Methoden, kein dominieren.<\/p>\n\n\n\n<blockquote class=\"wp-block-quote is-layout-flow wp-block-quote-is-layout-flow\"><p>Der Starke hat es nicht n\u00f6tig Schw\u00e4che auszunutzen.<\/p><\/blockquote>\n\n\n\n<p>Wenn es der Mensch schafft die Ver\u00e4nderung bei sich zu starten, zu f\u00fchlen was das Pferd braucht, um ihm zu vertrauen, werden die alt hergebrachten Rituale und Muster nicht mehr n\u00f6tig sein. <\/p>\n\n\n\n<p>Wenn der Mensch es schafft sich immer mehr in seinen Lebensbegleiter &#8222;Pferd&#8220; hinein zu f\u00fchlen, entsteht eine vertrauensvolle Beziehung, in der man keine Angst vor Verletzungen jeglicher Art haben muss. Ist es nicht das, was wir uns in jeder Beziehung w\u00fcnschen? Wonach wir in unserem Leben streben? Es steht dem Pferd ebenso zu, und wenn Du einen Moment dar\u00fcber nachdenkst und dieses Gef\u00fchl auf Dich wirken l\u00e4sst, kannst Du mir vielleicht zustimmen. Die Sichtweise auf den Umgang mit Deinem Pferd wird sich ver\u00e4ndern und dann ver\u00e4ndert sich pl\u00f6tzlich alles. Dein Umfeld, Deine zwischenmenschlichen Beziehungen, Deine Einstellungen, Dein Leben. Es wird friedlicher!<\/p>\n","protected":false},"excerpt":{"rendered":"<p>Meine Philosophie ist Frieden! Frieden f\u00fcr den Planeten und den darauf lebenden Wesen. Zu meinem Charakter geh\u00f6rt es, alles zu hinterfragen. Im Laufe meines Lebens informierte ich mich \u00fcber viele Techniken und Methoden. Ich lernte Unterschiedliche kennen und mir wurde klar, dass es grunds\u00e4tzlich immer darum ging und auch geht, den eigenen Willen durchzusetzen. In &hellip; <\/p>\n<p class=\"link-more\"><a href=\"https:\/\/xn--fhle-dein-pferd-zvb.de\/?page_id=49\" class=\"more-link\"><span class=\"screen-reader-text\">\u201eMeine Philosophie\u201c <\/span>weiterlesen<\/a><\/p>\n","protected":false},"author":1,"featured_media":33,"parent":0,"menu_order":0,"comment_status":"closed","ping_status":"closed","template":"","meta":{"footnotes":""},"class_list":["post-49","page","type-page","status-publish","has-post-thumbnail","hentry"],"_links":{"self":[{"href":"https:\/\/xn--fhle-dein-pferd-zvb.de\/index.php?rest_route=\/wp\/v2\/pages\/49","targetHints":{"allow":["GET"]}}],"collection":[{"href":"https:\/\/xn--fhle-dein-pferd-zvb.de\/index.php?rest_route=\/wp\/v2\/pages"}],"about":[{"href":"https:\/\/xn--fhle-dein-pferd-zvb.de\/index.php?rest_route=\/wp\/v2\/types\/page"}],"author":[{"embeddable":true,"href":"https:\/\/xn--fhle-dein-pferd-zvb.de\/index.php?rest_route=\/wp\/v2\/users\/1"}],"replies":[{"embeddable":true,"href":"https:\/\/xn--fhle-dein-pferd-zvb.de\/index.php?rest_route=%2Fwp%2Fv2%2Fcomments&post=49"}],"version-history":[{"count":11,"href":"https:\/\/xn--fhle-dein-pferd-zvb.de\/index.php?rest_route=\/wp\/v2\/pages\/49\/revisions"}],"predecessor-version":[{"id":162,"href":"https:\/\/xn--fhle-dein-pferd-zvb.de\/index.php?rest_route=\/wp\/v2\/pages\/49\/revisions\/162"}],"wp:featuredmedia":[{"embeddable":true,"href":"https:\/\/xn--fhle-dein-pferd-zvb.de\/index.php?rest_route=\/wp\/v2\/media\/33"}],"wp:attachment":[{"href":"https:\/\/xn--fhle-dein-pferd-zvb.de\/index.php?rest_route=%2Fwp%2Fv2%2Fmedia&parent=49"}],"curies":[{"name":"wp","href":"https:\/\/api.w.org\/{rel}","templated":true}]}}