{"id":48,"date":"2020-12-02T19:27:46","date_gmt":"2020-12-02T19:27:46","guid":{"rendered":"http:\/\/xn--fhle-dein-pferd-zvb.de\/?page_id=48"},"modified":"2021-04-12T19:29:33","modified_gmt":"2021-04-12T19:29:33","slug":"ueber-mich","status":"publish","type":"page","link":"https:\/\/xn--fhle-dein-pferd-zvb.de\/?page_id=48","title":{"rendered":"\u00dcber mich"},"content":{"rendered":"\n<p class=\"has-text-align-center\"><strong>Pferde sind meine Passion, meine Leidenschaft. <\/strong><\/p>\n\n\n\n<p><\/p>\n\n\n\n<p>Sie begleiten mich schon mein ganzes Leben und haben oft meine Seele getr\u00f6stet. Bereits als Kind krabbelte ich auf fremden Pferdekoppeln herum, so dass meine Eltern die Notwendigkeit sahen, mir relativ fr\u00fch den Traum von eigenen Pferden zu erm\u00f6glichen. Noch heute danke ich ihnen jeden Tag daf\u00fcr !<\/p>\n\n\n\n<p>Sie sind der Grund f\u00fcr die gr\u00f6\u00dften Ver\u00e4nderungen in meinem Leben. Sie sind f\u00fcr viele Richtungswechsel und Pr\u00e4gungen in meinem Leben verantwortlich. Doch am Ende fand ich meinen Weg, den wahren Weg. Ich habe einige tiefe T\u00e4ler und hohe Berge im Zusammenhang mit Pferden erlebt. Ich konnte immer wieder ihre Stimme h\u00f6ren : &#8222;Der Mensch versteht uns nicht &#8220; Schon seit klein auf ist es mir ein Herzensanliegen ein Vermittler zwischen Menschen und deren Pferde zu sein.  Ich m\u00f6chte f\u00fcr sie sprechen und nach L\u00f6sungen f\u00fcr Probleme und Missverst\u00e4ndnisse bei den Pferden selbst, sowie in den Beziehungen zu ihren Menschen suchen. <\/p>\n\n\n\n<figure class=\"wp-block-gallery columns-1 is-cropped wp-block-gallery-1 is-layout-flex wp-block-gallery-is-layout-flex\"><ul class=\"blocks-gallery-grid\"><li class=\"blocks-gallery-item\"><figure><img loading=\"lazy\" decoding=\"async\" width=\"1024\" height=\"744\" src=\"http:\/\/xn--fhle-dein-pferd-zvb.de\/wp-content\/uploads\/2020\/12\/K1024_IMG_6792-1-1024x744.jpg\" alt=\"\" data-id=\"77\" data-full-url=\"http:\/\/xn--fhle-dein-pferd-zvb.de\/wp-content\/uploads\/2020\/12\/K1024_IMG_6792-1.jpg\" data-link=\"http:\/\/xn--fhle-dein-pferd-zvb.de\/?attachment_id=77\" class=\"wp-image-77\" srcset=\"https:\/\/xn--fhle-dein-pferd-zvb.de\/wp-content\/uploads\/2020\/12\/K1024_IMG_6792-1-1024x744.jpg 1024w, https:\/\/xn--fhle-dein-pferd-zvb.de\/wp-content\/uploads\/2020\/12\/K1024_IMG_6792-1-300x218.jpg 300w, https:\/\/xn--fhle-dein-pferd-zvb.de\/wp-content\/uploads\/2020\/12\/K1024_IMG_6792-1-768x558.jpg 768w, https:\/\/xn--fhle-dein-pferd-zvb.de\/wp-content\/uploads\/2020\/12\/K1024_IMG_6792-1.jpg 1057w\" sizes=\"auto, (max-width: 767px) 89vw, (max-width: 1000px) 54vw, (max-width: 1071px) 543px, 580px\" \/><\/figure><\/li><\/ul><\/figure>\n\n\n\n<p>Ich habe fr\u00fch mit Ausbildungen im gesamten Pferdebereich angefangen. Wissen kommt nat\u00fcrlich auch von Ausbildung, Weiter- und Fortbildungen. So habe ich Lizenzen, Zertifikate, Trainerausbildungen und Weiteres absolviert. Ich bin jedoch der Meinung und das vertrete ich immer st\u00e4rker, dass fast alles aus unserem Herzen und unseren Instinkten passieren sollte. Was bringt mir viel theoretisches Wissen, wenn mir nicht bewusst ist, was ben\u00f6tigt wird,  damit sich ein Pferd in meiner N\u00e4he bedingungslos wohl f\u00fchlt und sich mir anschlie\u00dft.<\/p>\n\n\n\n<blockquote class=\"wp-block-quote is-layout-flow wp-block-quote-is-layout-flow\"><p><strong><span class=\"has-inline-color has-pale-cyan-blue-color\">&#8222;F\u00fchren und leiten bedeutet erst einmal folgen &#8220; Vanessa Ga\u00dfmann<\/span><\/strong><\/p><\/blockquote>\n\n\n\n<ul class=\"wp-block-list\"><li>Trainerin EWU\/DOSB im Leistungssport Westernreiten<\/li><li>Trainerin FN Boden- und Freiarbeit<\/li><li>Coach in der Boden-, sowie Freiarbeit<\/li><li>Coach f\u00fcr Pers\u00f6nlichkeitsentwicklung mit Pferden<\/li><li>Coach in der K\u00f6rpersprache und Kommunikation mit Pferden<\/li><li>P\u00e4dagogische Ponygruppen mit Kindern<\/li><li>Energiearbeit<\/li><li>Trauma-Technik<\/li><li>Ganzheitliches Arbeiten am Pferd in Form von Futter-und Haltungsbedingungen, sowie Gesundheitsfragen<\/li><li>Telefon- und Onlinecoaching<\/li><li>Pferdeverhaltenstrainerin<\/li><\/ul>\n\n\n\n<p><\/p>\n\n\n\n<p><\/p>\n\n\n\n<p><\/p>\n\n\n\n<p><\/p>\n\n\n\n<p><\/p>\n","protected":false},"excerpt":{"rendered":"<p>Pferde sind meine Passion, meine Leidenschaft. Sie begleiten mich schon mein ganzes Leben und haben oft meine Seele getr\u00f6stet. Bereits als Kind krabbelte ich auf fremden Pferdekoppeln herum, so dass meine Eltern die Notwendigkeit sahen, mir relativ fr\u00fch den Traum von eigenen Pferden zu erm\u00f6glichen. Noch heute danke ich ihnen jeden Tag daf\u00fcr ! Sie &hellip; <\/p>\n<p class=\"link-more\"><a href=\"https:\/\/xn--fhle-dein-pferd-zvb.de\/?page_id=48\" class=\"more-link\"><span class=\"screen-reader-text\">\u201e\u00dcber mich\u201c <\/span>weiterlesen<\/a><\/p>\n","protected":false},"author":1,"featured_media":29,"parent":0,"menu_order":0,"comment_status":"closed","ping_status":"closed","template":"","meta":{"footnotes":""},"class_list":["post-48","page","type-page","status-publish","has-post-thumbnail","hentry"],"_links":{"self":[{"href":"https:\/\/xn--fhle-dein-pferd-zvb.de\/index.php?rest_route=\/wp\/v2\/pages\/48","targetHints":{"allow":["GET"]}}],"collection":[{"href":"https:\/\/xn--fhle-dein-pferd-zvb.de\/index.php?rest_route=\/wp\/v2\/pages"}],"about":[{"href":"https:\/\/xn--fhle-dein-pferd-zvb.de\/index.php?rest_route=\/wp\/v2\/types\/page"}],"author":[{"embeddable":true,"href":"https:\/\/xn--fhle-dein-pferd-zvb.de\/index.php?rest_route=\/wp\/v2\/users\/1"}],"replies":[{"embeddable":true,"href":"https:\/\/xn--fhle-dein-pferd-zvb.de\/index.php?rest_route=%2Fwp%2Fv2%2Fcomments&post=48"}],"version-history":[{"count":12,"href":"https:\/\/xn--fhle-dein-pferd-zvb.de\/index.php?rest_route=\/wp\/v2\/pages\/48\/revisions"}],"predecessor-version":[{"id":167,"href":"https:\/\/xn--fhle-dein-pferd-zvb.de\/index.php?rest_route=\/wp\/v2\/pages\/48\/revisions\/167"}],"wp:featuredmedia":[{"embeddable":true,"href":"https:\/\/xn--fhle-dein-pferd-zvb.de\/index.php?rest_route=\/wp\/v2\/media\/29"}],"wp:attachment":[{"href":"https:\/\/xn--fhle-dein-pferd-zvb.de\/index.php?rest_route=%2Fwp%2Fv2%2Fmedia&parent=48"}],"curies":[{"name":"wp","href":"https:\/\/api.w.org\/{rel}","templated":true}]}}