{"id":127,"date":"2021-01-17T18:20:33","date_gmt":"2021-01-17T18:20:33","guid":{"rendered":"http:\/\/xn--fhle-dein-pferd-zvb.de\/?page_id=127"},"modified":"2021-04-19T18:39:23","modified_gmt":"2021-04-19T18:39:23","slug":"impressum","status":"publish","type":"page","link":"https:\/\/xn--fhle-dein-pferd-zvb.de\/?page_id=127","title":{"rendered":"Impressum"},"content":{"rendered":"\n<p>Betreiber dieser Webseite:<\/p>\n\n\n\n<p>Vanessa Ga\u00dfmann<\/p>\n\n\n\n<p>Forsthausstra\u00dfe 21<\/p>\n\n\n\n<p>35708 Haiger<\/p>\n\n\n\n<p>Telefon:02773741888<\/p>\n\n\n\n<p>E-Mail:\u00a0<a href=\"mailto:vg@fuehle-dein-pferd.de\">vg@fuehle-dein-pferd.de<\/a>\u00a0<\/p>\n\n\n\n<h3 class=\"wp-block-heading\">1. &nbsp;Kleinunternehmerregelung<\/h3>\n\n\n\n<p>Umsatzsteuer: Kleinunternehmerregelung \u00a719 UStG&nbsp;<\/p>\n\n\n\n<p>2. Informationen zum Urheberrecht<\/p>\n\n\n\n<p>Alle Informationen dieser Web-Seite werden wie angegeben ohne Anspruch auf Richtigkeit, Vollst\u00e4ndigkeit oder Aktualit\u00e4t zur Verf\u00fcgung gestellt. Alle Bilder dieser Website unterliegen dem Urheberrecht. \u00a0Die Titelbilder wurden von DS Fotomar aufgenommen und unterliegen dem Copyright. Ich bedanke mich herzlich f\u00fcr die M\u00f6glichkeit, diese Fotos auf meiner Webseite nutzen zu d\u00fcrfen.<\/p>\n\n\n\n<h3 class=\"wp-block-heading\">3. Vertragliche Zusicherungen und Verzichterkl\u00e4rungen<\/h3>\n\n\n\n<p>Die Website\u00a0<a href=\"http:\/\/www.fuehle-dein-pferd.de\">http:\/\/www.fuehle-dein-pferd.de<\/a>\u00a0steht Ihnen &#8211; soweit nicht anders vereinbart &#8211; kostenlos zur Verf\u00fcgung. Die Betreiber \u00fcbernehmen keinerlei Gew\u00e4hr f\u00fcr Richtigkeit der enthaltenen Informationen, Verf\u00fcgbarkeit der Dienste, Verlust von auf\u00a0<a href=\"http:\/\/www.fuehle-dein-pferd.de\">http:\/\/www.fuehle-dein-pferd.de\u00a0\u00a0<\/a>abgespeicherten Daten oder Nutzbarkeit f\u00fcr irgendeinen bestimmten Zweck.<\/p>\n\n\n\n<p>Die Betreiber haften auch nicht f\u00fcr Folgesch\u00e4den, die auf einer Nutzung des Angebotes beruhen.<\/p>\n\n\n\n<p>Soweit ein Haftungsausschluss nicht in Betracht kommt, haften die Betreiber lediglich f\u00fcr grobe Fahrl\u00e4ssigkeit und Vorsatz. Produkt- und Firmennamen sind Marken der jeweiligen Eigent\u00fcmer und werden auf diesen Seiten ausschlie\u00dflich zu Informationszwecken eingesetzt.<\/p>\n\n\n\n<p>Diese Publikation k\u00f6nnte technische oder andere Ungenauigkeiten enthalten oder Schreib- oder Tippfehler. Von Zeit zu Zeit werden der vorliegenden Information \u00c4nderungen hinzugef\u00fcgt, diese \u00c4nderungen werden in neuen Ausgaben der Publikation eingef\u00fcgt. Der Betreiber kann jederzeit Verbesserungen und\/oder Ver\u00e4nderungen an den Angeboten vornehmen, die in dieser Publikation beschrieben werden.<\/p>\n\n\n\n<h3 class=\"wp-block-heading\">4. Erkl\u00e4rung zum Datenschutz&nbsp;<\/h3>\n\n\n\n<p>Sofern innerhalb des Internetangebotes die M\u00f6glichkeit zur Eingabe pers\u00f6nlicher oder gesch\u00e4ftlicher Daten genutzt wird, so erfolgt die Preisgabe dieser Daten seitens des Nutzers auf ausdr\u00fccklich freiwilliger Basis. Die Inanspruchnahme unseres Dienstes ist &#8211; soweit technisch m\u00f6glich und zumutbar &#8211; auch ohne Angabe solcher Daten bzw. unter Angabe anonymisierter Daten oder eines Pseudonyms gestattet. Weitere wichtige Informationen zum Thema Datenschutz finden sich in unserer Datenschutzerkl\u00e4rung.<\/p>\n\n\n\n<h3 class=\"wp-block-heading\">5. Hinweis gem\u00e4\u00df Teledienstgesetz<\/h3>\n\n\n\n<p>F\u00fcr Internetseiten Dritter, auf die die dieses Angebot durch sog. Links verweist, tragen die jeweiligen Anbieter die Verantwortung. Der Betreiber ist f\u00fcr den Inhalt solcher Seiten Dritter nicht verantwortlich. Des Weiteren kann die Web-Seite ohne unser Wissen von anderen Seiten mittels sog. Links angelinkt werden. Der Betreiber \u00fcbernimmt keine Verantwortung f\u00fcr Darstellungen, Inhalt oder irgendeine Verbindung zu dieser Web-Seite in Web-Seiten Dritter. F\u00fcr fremde Inhalte ist der Betreiber nur dann verantwortlich, wenn von ihnen (d.h. auch von einem rechtswidrigen oder strafbaren Inhalt) positive Kenntnis vorliegt und es technisch m\u00f6glich und zumutbar ist, deren Nutzung zu verhindern. Der Betreiber ist nach dem Teledienstgesetz jedoch nicht verpflichtet, die fremden Inhalte st\u00e4ndig zu \u00fcberpr\u00fcfen.<\/p>\n\n\n\n<h3 class=\"wp-block-heading\">Rechtswirksamkeit<\/h3>\n\n\n\n<p>Diese Allgemeinen Nutzungsbedingungen beziehen sich auf\u00a0<a rel=\"noreferrer noopener\" href=\"http:\/\/xn--fhledeinpferd-wob.de\/\" target=\"_blank\">http:\/\/www.fuehle-dein-pferd.de<\/a><\/p>\n\n\n\n<p>Sofern Teile oder einzelne Formulierungen dieses Textes der geltenden Rechtslage nicht, nicht mehr oder nicht vollst\u00e4ndig entsprechen sollten, bleiben die \u00fcbrigen Teile des Dokumentes in ihrem Inhalt und ihrer G\u00fcltigkeit davon unber\u00fchrt.<\/p>\n","protected":false},"excerpt":{"rendered":"<p>Betreiber dieser Webseite: Vanessa Ga\u00dfmann Forsthausstra\u00dfe 21 35708 Haiger Telefon:02773741888 E-Mail:\u00a0vg@fuehle-dein-pferd.de\u00a0 1. &nbsp;Kleinunternehmerregelung Umsatzsteuer: Kleinunternehmerregelung \u00a719 UStG&nbsp; 2. Informationen zum Urheberrecht Alle Informationen dieser Web-Seite werden wie angegeben ohne Anspruch auf Richtigkeit, Vollst\u00e4ndigkeit oder Aktualit\u00e4t zur Verf\u00fcgung gestellt. Alle Bilder dieser Website unterliegen dem Urheberrecht. \u00a0Die Titelbilder wurden von DS Fotomar aufgenommen und unterliegen dem &hellip; <\/p>\n<p class=\"link-more\"><a href=\"https:\/\/xn--fhle-dein-pferd-zvb.de\/?page_id=127\" class=\"more-link\"><span class=\"screen-reader-text\">\u201eImpressum\u201c <\/span>weiterlesen<\/a><\/p>\n","protected":false},"author":1,"featured_media":0,"parent":0,"menu_order":0,"comment_status":"closed","ping_status":"closed","template":"","meta":{"footnotes":""},"class_list":["post-127","page","type-page","status-publish","hentry"],"_links":{"self":[{"href":"https:\/\/xn--fhle-dein-pferd-zvb.de\/index.php?rest_route=\/wp\/v2\/pages\/127","targetHints":{"allow":["GET"]}}],"collection":[{"href":"https:\/\/xn--fhle-dein-pferd-zvb.de\/index.php?rest_route=\/wp\/v2\/pages"}],"about":[{"href":"https:\/\/xn--fhle-dein-pferd-zvb.de\/index.php?rest_route=\/wp\/v2\/types\/page"}],"author":[{"embeddable":true,"href":"https:\/\/xn--fhle-dein-pferd-zvb.de\/index.php?rest_route=\/wp\/v2\/users\/1"}],"replies":[{"embeddable":true,"href":"https:\/\/xn--fhle-dein-pferd-zvb.de\/index.php?rest_route=%2Fwp%2Fv2%2Fcomments&post=127"}],"version-history":[{"count":2,"href":"https:\/\/xn--fhle-dein-pferd-zvb.de\/index.php?rest_route=\/wp\/v2\/pages\/127\/revisions"}],"predecessor-version":[{"id":174,"href":"https:\/\/xn--fhle-dein-pferd-zvb.de\/index.php?rest_route=\/wp\/v2\/pages\/127\/revisions\/174"}],"wp:attachment":[{"href":"https:\/\/xn--fhle-dein-pferd-zvb.de\/index.php?rest_route=%2Fwp%2Fv2%2Fmedia&parent=127"}],"curies":[{"name":"wp","href":"https:\/\/api.w.org\/{rel}","templated":true}]}}